{"id":1673,"date":"2025-02-19T12:17:24","date_gmt":"2025-02-19T11:17:24","guid":{"rendered":"https:\/\/congreso2026.seha.info\/congresso-seha-2026\/"},"modified":"2025-04-24T11:27:26","modified_gmt":"2025-04-24T09:27:26","slug":"congresso-seha-2026","status":"publish","type":"page","link":"https:\/\/congreso2026.seha.info\/pt-pt\/","title":{"rendered":"CONGRESSO SEHA 2026"},"content":{"rendered":"\t\t<div data-elementor-type=\"wp-page\" data-elementor-id=\"1673\" class=\"elementor elementor-1673 elementor-915\" data-elementor-post-type=\"page\">\n\t\t\t\t<div class=\"elementor-element elementor-element-70b470c e-flex e-con-boxed e-con e-parent\" data-id=\"70b470c\" data-element_type=\"container\" data-e-type=\"container\" data-settings=\"{&quot;background_background&quot;:&quot;classic&quot;}\">\n\t\t\t\t\t<div class=\"e-con-inner\">\n\t\t<div class=\"elementor-element elementor-element-0690aa3 e-con-full animated-fast e-flex elementor-invisible e-con e-child\" data-id=\"0690aa3\" data-element_type=\"container\" data-e-type=\"container\" data-settings=\"{&quot;animation&quot;:&quot;slideInRight&quot;}\">\n\t\t<div class=\"elementor-element elementor-element-962cd65 e-grid e-con-full e-con e-child\" data-id=\"962cd65\" data-element_type=\"container\" data-e-type=\"container\">\n\t\t\t\t<div class=\"elementor-element elementor-element-7ad77d9 elementor-widget__width-inherit animated-slow elementor-invisible elementor-widget elementor-widget-heading\" data-id=\"7ad77d9\" data-element_type=\"widget\" data-e-type=\"widget\" data-settings=\"{&quot;_animation&quot;:&quot;fadeIn&quot;}\" data-widget_type=\"heading.default\">\n\t\t\t\t<div class=\"elementor-widget-container\">\n\t\t\t\t\t<h1 class=\"elementor-heading-title elementor-size-default\">V International Conference<\/h1>\t\t\t\t<\/div>\n\t\t\t\t<\/div>\n\t\t\t\t<div class=\"elementor-element elementor-element-2ff4dac elementor-widget__width-inherit animated-slow elementor-invisible elementor-widget elementor-widget-heading\" data-id=\"2ff4dac\" data-element_type=\"widget\" data-e-type=\"widget\" data-settings=\"{&quot;_animation&quot;:&quot;fadeIn&quot;}\" data-widget_type=\"heading.default\">\n\t\t\t\t<div class=\"elementor-widget-container\">\n\t\t\t\t\t<h3 class=\"elementor-heading-title elementor-size-default\">XIX Congreso de la Sociedad\nde Estudios de <br>Historia Agraria (SEHA)<br>XII Encontro Rural RePort<\/h3>\t\t\t\t<\/div>\n\t\t\t\t<\/div>\n\t\t\t\t<\/div>\n\t\t\t\t<div class=\"elementor-element elementor-element-dfe89e6 animated-slow elementor-invisible elementor-widget elementor-widget-image\" data-id=\"dfe89e6\" data-element_type=\"widget\" data-e-type=\"widget\" data-settings=\"{&quot;_animation&quot;:&quot;slideInRight&quot;}\" data-widget_type=\"image.default\">\n\t\t\t\t<div class=\"elementor-widget-container\">\n\t\t\t\t\t\t\t\t\t\t\t\t\t\t\t<img fetchpriority=\"high\" decoding=\"async\" width=\"1122\" height=\"322\" src=\"https:\/\/congreso2026.seha.info\/wp-content\/uploads\/2025\/02\/titulo_congreso_agua3.svg\" class=\"attachment-2048x2048 size-2048x2048 wp-image-1659\" alt=\"\">\t\t\t\t\t\t\t\t\t\t\t\t\t\t\t<\/div>\n\t\t\t\t<\/div>\n\t\t\t\t<div class=\"elementor-element elementor-element-a9564af elementor-widget__width-inherit elementor-widget elementor-widget-heading\" data-id=\"a9564af\" data-element_type=\"widget\" data-e-type=\"widget\" data-widget_type=\"heading.default\">\n\t\t\t\t<div class=\"elementor-widget-container\">\n\t\t\t\t\t<h1 class=\"elementor-heading-title elementor-size-default\">Sarago\u00e7a, 14 a 16 de janeiro de 2026<\/h1>\t\t\t\t<\/div>\n\t\t\t\t<\/div>\n\t\t\t\t<\/div>\n\t\t\t\t\t<\/div>\n\t\t\t\t<\/div>\n\t\t<div class=\"elementor-element elementor-element-8b917f1 e-flex e-con-boxed e-con e-parent\" data-id=\"8b917f1\" data-element_type=\"container\" data-e-type=\"container\">\n\t\t\t\t\t<div class=\"e-con-inner\">\n\t\t<div class=\"elementor-element elementor-element-8b7c146 e-con-full e-flex e-con e-child\" data-id=\"8b7c146\" data-element_type=\"container\" data-e-type=\"container\">\n\t\t\t\t<div class=\"elementor-element elementor-element-406bc02 animated-slow elementor-invisible elementor-widget elementor-widget-text-editor\" data-id=\"406bc02\" data-element_type=\"widget\" data-e-type=\"widget\" data-settings=\"{&quot;_animation&quot;:&quot;fadeIn&quot;}\" data-widget_type=\"text-editor.default\">\n\t\t\t\t<div class=\"elementor-widget-container\">\n\t\t\t\t\t\t\t\t\t<p>Estimados s\u00f3cios da SEHA e demais membros da comunidade cient\u00edfica, temos o prazer de anunciar o pr\u00f3ximo congresso da Sociedade de Estudos de Hist\u00f3ria Agr\u00e1ria:<\/p>\t\t\t\t\t\t\t\t<\/div>\n\t\t\t\t<\/div>\n\t\t\t\t<div class=\"elementor-element elementor-element-bf39384 elementor-widget elementor-widget-image\" data-id=\"bf39384\" data-element_type=\"widget\" data-e-type=\"widget\" data-widget_type=\"image.default\">\n\t\t\t\t<div class=\"elementor-widget-container\">\n\t\t\t\t\t\t\t\t\t\t\t\t\t\t\t<img decoding=\"async\" width=\"800\" height=\"230\" src=\"https:\/\/congreso2026.seha.info\/wp-content\/uploads\/2025\/02\/titulo_congreso_agua3.svg\" class=\"attachment-large size-large wp-image-1659\" alt=\"\">\t\t\t\t\t\t\t\t\t\t\t\t\t\t\t<\/div>\n\t\t\t\t<\/div>\n\t\t\t\t<\/div>\n\t\t<div class=\"elementor-element elementor-element-5af4a71 e-con-full e-flex e-con e-child\" data-id=\"5af4a71\" data-element_type=\"container\" data-e-type=\"container\">\n\t\t\t\t<div class=\"elementor-element elementor-element-913b1b9 elementor-widget-mobile__width-inherit elementor-widget elementor-widget-image\" data-id=\"913b1b9\" data-element_type=\"widget\" data-e-type=\"widget\" data-widget_type=\"image.default\">\n\t\t\t\t<div class=\"elementor-widget-container\">\n\t\t\t\t\t\t\t\t\t\t\t\t\t\t\t<img decoding=\"async\" width=\"739\" height=\"1049\" src=\"https:\/\/congreso2026.seha.info\/wp-content\/uploads\/2025\/02\/CARTEL_02.jpg\" class=\"attachment-full size-full wp-image-1662\" alt=\"\" srcset=\"https:\/\/congreso2026.seha.info\/wp-content\/uploads\/2025\/02\/CARTEL_02.jpg 739w, https:\/\/congreso2026.seha.info\/wp-content\/uploads\/2025\/02\/CARTEL_02-211x300.jpg 211w, https:\/\/congreso2026.seha.info\/wp-content\/uploads\/2025\/02\/CARTEL_02-721x1024.jpg 721w\" sizes=\"(max-width: 739px) 100vw, 739px\">\t\t\t\t\t\t\t\t\t\t\t\t\t\t\t<\/div>\n\t\t\t\t<\/div>\n\t\t\t\t<div class=\"elementor-element elementor-element-dcd4c02 elementor-absolute elementor-widget elementor-widget-image\" data-id=\"dcd4c02\" data-element_type=\"widget\" data-e-type=\"widget\" data-settings=\"{&quot;_position&quot;:&quot;absolute&quot;}\" data-widget_type=\"image.default\">\n\t\t\t\t<div class=\"elementor-widget-container\">\n\t\t\t\t\t\t\t\t\t\t\t\t\t\t\t<img loading=\"lazy\" decoding=\"async\" width=\"800\" height=\"826\" src=\"https:\/\/congreso2026.seha.info\/wp-content\/uploads\/2025\/02\/imagen_home.jpg\" class=\"attachment-full size-full wp-image-1652\" alt=\"\" srcset=\"https:\/\/congreso2026.seha.info\/wp-content\/uploads\/2025\/02\/imagen_home.jpg 800w, https:\/\/congreso2026.seha.info\/wp-content\/uploads\/2025\/02\/imagen_home-291x300.jpg 291w, https:\/\/congreso2026.seha.info\/wp-content\/uploads\/2025\/02\/imagen_home-768x793.jpg 768w\" sizes=\"(max-width: 800px) 100vw, 800px\">\t\t\t\t\t\t\t\t\t\t\t\t\t\t\t<\/div>\n\t\t\t\t<\/div>\n\t\t\t\t<div class=\"elementor-element elementor-element-0a8dd68 elementor-absolute elementor-widget elementor-widget-image\" data-id=\"0a8dd68\" data-element_type=\"widget\" data-e-type=\"widget\" data-settings=\"{&quot;_position&quot;:&quot;absolute&quot;}\" data-widget_type=\"image.default\">\n\t\t\t\t<div class=\"elementor-widget-container\">\n\t\t\t\t\t\t\t\t\t\t\t\t\t\t\t<img loading=\"lazy\" decoding=\"async\" width=\"300\" height=\"260\" src=\"https:\/\/congreso2026.seha.info\/wp-content\/uploads\/2025\/02\/agua-300x260.jpg\" class=\"attachment-medium size-medium wp-image-1658\" alt=\"\" srcset=\"https:\/\/congreso2026.seha.info\/wp-content\/uploads\/2025\/02\/agua-300x260.jpg 300w, https:\/\/congreso2026.seha.info\/wp-content\/uploads\/2025\/02\/agua-1024x886.jpg 1024w, https:\/\/congreso2026.seha.info\/wp-content\/uploads\/2025\/02\/agua-768x665.jpg 768w, https:\/\/congreso2026.seha.info\/wp-content\/uploads\/2025\/02\/agua.jpg 1116w\" sizes=\"(max-width: 300px) 100vw, 300px\">\t\t\t\t\t\t\t\t\t\t\t\t\t\t\t<\/div>\n\t\t\t\t<\/div>\n\t\t\t\t<\/div>\n\t\t\t\t\t<\/div>\n\t\t\t\t<\/div>\n\t\t<div class=\"elementor-element elementor-element-8f7d89b e-flex e-con-boxed e-con e-child\" data-id=\"8f7d89b\" data-element_type=\"container\" data-e-type=\"container\">\n\t\t\t\t\t<div class=\"e-con-inner\">\n\t\t<div class=\"elementor-element elementor-element-54836ce e-con-full e-flex e-con e-child\" data-id=\"54836ce\" data-element_type=\"container\" data-e-type=\"container\">\n\t\t\t\t<div class=\"elementor-element elementor-element-0956f88 elementor-widget elementor-widget-text-editor\" data-id=\"0956f88\" data-element_type=\"widget\" data-e-type=\"widget\" data-widget_type=\"text-editor.default\">\n\t\t\t\t<div class=\"elementor-widget-container\">\n\t\t\t\t\t\t\t\t\t<p><strong>Como em todos os congressos da SEHA<\/strong>, ser\u00e3o abordados <strong>diversos temas de investiga\u00e7\u00e3o <\/strong>relacionados com a hist\u00f3ria agr\u00e1ria, selecionados com base nas <strong>propostas de sess\u00f5es <\/strong>recebidas.<\/p>\t\t\t\t\t\t\t\t<\/div>\n\t\t\t\t<\/div>\n\t\t<div class=\"elementor-element elementor-element-396997a e-grid e-con-full e-con e-child\" data-id=\"396997a\" data-element_type=\"container\" data-e-type=\"container\">\n\t\t<div class=\"elementor-element elementor-element-abd4d15 e-con-full e-flex e-con e-child\" data-id=\"abd4d15\" data-element_type=\"container\" data-e-type=\"container\" data-settings=\"{&quot;background_background&quot;:&quot;classic&quot;}\">\n\t\t\t\t<\/div>\n\t\t<div class=\"elementor-element elementor-element-f5a5521 e-con-full e-flex e-con e-child\" data-id=\"f5a5521\" data-element_type=\"container\" data-e-type=\"container\" data-settings=\"{&quot;background_background&quot;:&quot;classic&quot;}\">\n\t\t\t\t<\/div>\n\t\t<div class=\"elementor-element elementor-element-139107a e-con-full e-flex e-con e-child\" data-id=\"139107a\" data-element_type=\"container\" data-e-type=\"container\" data-settings=\"{&quot;background_background&quot;:&quot;classic&quot;}\">\n\t\t\t\t<\/div>\n\t\t\t\t<\/div>\n\t\t\t\t<\/div>\n\t\t<div class=\"elementor-element elementor-element-600c8b2 e-con-full e-flex e-con e-child\" data-id=\"600c8b2\" data-element_type=\"container\" data-e-type=\"container\">\n\t\t\t\t<div class=\"elementor-element elementor-element-47c8b01 elementor-widget elementor-widget-text-editor\" data-id=\"47c8b01\" data-element_type=\"widget\" data-e-type=\"widget\" data-widget_type=\"text-editor.default\">\n\t\t\t\t<div class=\"elementor-widget-container\">\n\t\t\t\t\t\t\t\t\t<p>Para este congresso, a <strong>\u00e1gua <\/strong>e as suas m\u00faltiplas rela\u00e7\u00f5es com o <strong>desenvolvimento agr\u00e1rio e rural<\/strong> foram escolhidas como tema destacado. <strong>A \u00e1gua \u00e9 um recurso essencial<\/strong> que, em grande medida, determinou os tipos de agricultura desenvolvidos ao longo da hist\u00f3ria. <strong>A sua abund\u00e2ncia ou escassez, as formas de gest\u00e3o do seu uso, as modalidades de distribui\u00e7\u00e3o<\/strong> entre os diferentes atores envolvidos, bem como o maior ou menor desenvolvimento das <strong>tecnologias <\/strong>associadas ao seu armazenamento, <strong>distribui\u00e7\u00e3o e utiliza\u00e7\u00e3o<\/strong> em diferentes escalas, s\u00e3o aspetos fundamentais para compreender n\u00e3o apenas os <strong>resultados produtivos da agricultura<\/strong>, mas tamb\u00e9m as <strong>din\u00e2micas populacionais e institucionais<\/strong>, os conflitos gerados em torno deste recurso e os <strong>impactos ambientais<\/strong> decorrentes da sua utiliza\u00e7\u00e3o.   <\/p><p>Trata-se, portanto, de um <strong>tema multifacetado<\/strong>, ao qual ser\u00e1 dedicada uma aten\u00e7\u00e3o <strong>especial neste congresso<\/strong>.<\/p><p> <\/p>\t\t\t\t\t\t\t\t<\/div>\n\t\t\t\t<\/div>\n\t\t\t\t<div class=\"elementor-element elementor-element-ca9258f elementor-icon-list--layout-inline elementor-list-item-link-inline elementor-widget elementor-widget-icon-list\" data-id=\"ca9258f\" data-element_type=\"widget\" data-e-type=\"widget\" data-widget_type=\"icon-list.default\">\n\t\t\t\t<div class=\"elementor-widget-container\">\n\t\t\t\t\t\t\t<ul class=\"elementor-icon-list-items elementor-inline-items\">\n\t\t\t\t\t\t\t<li class=\"elementor-icon-list-item elementor-inline-item\">\n\t\t\t\t\t\t\t\t\t\t\t<a href=\"\/wp-content\/uploads\/2025\/03\/circular1_esp.pdf\" target=\"_blank\">\n\n\t\t\t\t\t\t\t\t\t\t\t\t<span class=\"elementor-icon-list-icon\">\n\t\t\t\t\t\t\t<svg aria-hidden=\"true\" class=\"e-font-icon-svg e-far-file-pdf\" viewBox=\"0 0 384 512\" xmlns=\"http:\/\/www.w3.org\/2000\/svg\"><path d=\"M369.9 97.9L286 14C277 5 264.8-.1 252.1-.1H48C21.5 0 0 21.5 0 48v416c0 26.5 21.5 48 48 48h288c26.5 0 48-21.5 48-48V131.9c0-12.7-5.1-25-14.1-34zM332.1 128H256V51.9l76.1 76.1zM48 464V48h160v104c0 13.3 10.7 24 24 24h104v288H48zm250.2-143.7c-12.2-12-47-8.7-64.4-6.5-17.2-10.5-28.7-25-36.8-46.3 3.9-16.1 10.1-40.6 5.4-56-4.2-26.2-37.8-23.6-42.6-5.9-4.4 16.1-.4 38.5 7 67.1-10 23.9-24.9 56-35.4 74.4-20 10.3-47 26.2-51 46.2-3.3 15.8 26 55.2 76.1-31.2 22.4-7.4 46.8-16.5 68.4-20.1 18.9 10.2 41 17 55.8 17 25.5 0 28-28.2 17.5-38.7zm-198.1 77.8c5.1-13.7 24.5-29.5 30.4-35-19 30.3-30.4 35.7-30.4 35zm81.6-190.6c7.4 0 6.7 32.1 1.8 40.8-4.4-13.9-4.3-40.8-1.8-40.8zm-24.4 136.6c9.7-16.9 18-37 24.7-54.7 8.3 15.1 18.9 27.2 30.1 35.5-20.8 4.3-38.9 13.1-54.8 19.2zm131.6-5s-5 6-37.3-7.8c35.1-2.6 40.9 5.4 37.3 7.8z\"><\/path><\/svg>\t\t\t\t\t\t<\/span>\n\t\t\t\t\t\t\t\t\t\t<span class=\"elementor-icon-list-text\">Primeira Circular<\/span>\n\t\t\t\t\t\t\t\t\t\t\t<\/a>\n\t\t\t\t\t\t\t\t\t<\/li>\n\t\t\t\t\t\t\t\t<li class=\"elementor-icon-list-item elementor-inline-item\">\n\t\t\t\t\t\t\t\t\t\t\t<a href=\"\/wp-content\/uploads\/2025\/03\/circular1_port.pdf\" target=\"_blank\">\n\n\t\t\t\t\t\t\t\t\t\t\t\t<span class=\"elementor-icon-list-icon\">\n\t\t\t\t\t\t\t<svg aria-hidden=\"true\" class=\"e-font-icon-svg e-far-file-pdf\" viewBox=\"0 0 384 512\" xmlns=\"http:\/\/www.w3.org\/2000\/svg\"><path d=\"M369.9 97.9L286 14C277 5 264.8-.1 252.1-.1H48C21.5 0 0 21.5 0 48v416c0 26.5 21.5 48 48 48h288c26.5 0 48-21.5 48-48V131.9c0-12.7-5.1-25-14.1-34zM332.1 128H256V51.9l76.1 76.1zM48 464V48h160v104c0 13.3 10.7 24 24 24h104v288H48zm250.2-143.7c-12.2-12-47-8.7-64.4-6.5-17.2-10.5-28.7-25-36.8-46.3 3.9-16.1 10.1-40.6 5.4-56-4.2-26.2-37.8-23.6-42.6-5.9-4.4 16.1-.4 38.5 7 67.1-10 23.9-24.9 56-35.4 74.4-20 10.3-47 26.2-51 46.2-3.3 15.8 26 55.2 76.1-31.2 22.4-7.4 46.8-16.5 68.4-20.1 18.9 10.2 41 17 55.8 17 25.5 0 28-28.2 17.5-38.7zm-198.1 77.8c5.1-13.7 24.5-29.5 30.4-35-19 30.3-30.4 35.7-30.4 35zm81.6-190.6c7.4 0 6.7 32.1 1.8 40.8-4.4-13.9-4.3-40.8-1.8-40.8zm-24.4 136.6c9.7-16.9 18-37 24.7-54.7 8.3 15.1 18.9 27.2 30.1 35.5-20.8 4.3-38.9 13.1-54.8 19.2zm131.6-5s-5 6-37.3-7.8c35.1-2.6 40.9 5.4 37.3 7.8z\"><\/path><\/svg>\t\t\t\t\t\t<\/span>\n\t\t\t\t\t\t\t\t\t\t<span class=\"elementor-icon-list-text\">Primeira Circular<\/span>\n\t\t\t\t\t\t\t\t\t\t\t<\/a>\n\t\t\t\t\t\t\t\t\t<\/li>\n\t\t\t\t\t\t<\/ul>\n\t\t\t\t\t\t<\/div>\n\t\t\t\t<\/div>\n\t\t\t\t<div class=\"elementor-element elementor-element-74cc8cd elementor-widget-divider--view-line elementor-widget elementor-widget-divider\" data-id=\"74cc8cd\" data-element_type=\"widget\" data-e-type=\"widget\" data-widget_type=\"divider.default\">\n\t\t\t\t<div class=\"elementor-widget-container\">\n\t\t\t\t\t\t\t<div class=\"elementor-divider\">\n\t\t\t<span class=\"elementor-divider-separator\">\n\t\t\t\t\t\t<\/span>\n\t\t<\/div>\n\t\t\t\t\t\t<\/div>\n\t\t\t\t<\/div>\n\t\t\t\t<div class=\"elementor-element elementor-element-680e402 elementor-widget__width-initial elementor-widget elementor-widget-text-editor\" data-id=\"680e402\" data-element_type=\"widget\" data-e-type=\"widget\" data-widget_type=\"text-editor.default\">\n\t\t\t\t<div class=\"elementor-widget-container\">\n\t\t\t\t\t\t\t\t\t<p><strong>A Comiss\u00e3o Organizadora<br><\/strong><em>(\u00c1rea de Historia e Instituciones Econ\u00f3micas, UNIZAR) <\/em> <\/p>\t\t\t\t\t\t\t\t<\/div>\n\t\t\t\t<\/div>\n\t\t\t\t<\/div>\n\t\t\t\t\t<\/div>\n\t\t\t\t<\/div>\n\t\t\t\t<\/div>\n\t\t","protected":false},"excerpt":{"rendered":"<p>V International Conference XIX Congreso de la Sociedad de Estudios de Historia Agraria (SEHA)XII Encontro Rural RePort Sarago\u00e7a, 14 a 16 de janeiro de 2026 Estimados s\u00f3cios da SEHA e demais membros da comunidade cient\u00edfica, temos o prazer de anunciar o pr\u00f3ximo congresso da Sociedade de Estudos de Hist\u00f3ria Agr\u00e1ria: Como em todos os congressos [&hellip;]<\/p>\n","protected":false},"author":9,"featured_media":1662,"parent":0,"menu_order":0,"comment_status":"closed","ping_status":"closed","template":"elementor_header_footer","meta":{"inline_featured_image":false,"footnotes":""},"class_list":["post-1673","page","type-page","status-publish","has-post-thumbnail","hentry"],"_links":{"self":[{"href":"https:\/\/congreso2026.seha.info\/pt-pt\/wp-json\/wp\/v2\/pages\/1673","targetHints":{"allow":["GET"]}}],"collection":[{"href":"https:\/\/congreso2026.seha.info\/pt-pt\/wp-json\/wp\/v2\/pages"}],"about":[{"href":"https:\/\/congreso2026.seha.info\/pt-pt\/wp-json\/wp\/v2\/types\/page"}],"author":[{"embeddable":true,"href":"https:\/\/congreso2026.seha.info\/pt-pt\/wp-json\/wp\/v2\/users\/9"}],"replies":[{"embeddable":true,"href":"https:\/\/congreso2026.seha.info\/pt-pt\/wp-json\/wp\/v2\/comments?post=1673"}],"version-history":[{"count":4,"href":"https:\/\/congreso2026.seha.info\/pt-pt\/wp-json\/wp\/v2\/pages\/1673\/revisions"}],"predecessor-version":[{"id":1697,"href":"https:\/\/congreso2026.seha.info\/pt-pt\/wp-json\/wp\/v2\/pages\/1673\/revisions\/1697"}],"wp:featuredmedia":[{"embeddable":true,"href":"https:\/\/congreso2026.seha.info\/pt-pt\/wp-json\/wp\/v2\/media\/1662"}],"wp:attachment":[{"href":"https:\/\/congreso2026.seha.info\/pt-pt\/wp-json\/wp\/v2\/media?parent=1673"}],"curies":[{"name":"wp","href":"https:\/\/api.w.org\/{rel}","templated":true}]}}