{"id":1675,"date":"2025-03-05T10:45:48","date_gmt":"2025-03-05T09:45:48","guid":{"rendered":"https:\/\/congreso2026.seha.info\/call-for-sessions\/"},"modified":"2025-05-05T07:25:06","modified_gmt":"2025-05-05T05:25:06","slug":"call-for-sessions","status":"publish","type":"page","link":"https:\/\/congreso2026.seha.info\/pt-pt\/call-for-sessions\/","title":{"rendered":"Call for sessions"},"content":{"rendered":"\t\t<div data-elementor-type=\"wp-page\" data-elementor-id=\"1675\" class=\"elementor elementor-1675 elementor-1083\" data-elementor-post-type=\"page\">\n\t\t\t\t<div class=\"elementor-element elementor-element-70b470c e-flex e-con-boxed e-con e-parent\" data-id=\"70b470c\" data-element_type=\"container\" data-e-type=\"container\" data-settings=\"{&quot;background_background&quot;:&quot;classic&quot;}\">\n\t\t\t\t\t<div class=\"e-con-inner\">\n\t\t<div class=\"elementor-element elementor-element-0690aa3 e-con-full animated-fast e-flex elementor-invisible e-con e-child\" data-id=\"0690aa3\" data-element_type=\"container\" data-e-type=\"container\" data-settings=\"{&quot;animation&quot;:&quot;slideInRight&quot;}\">\n\t\t\t\t<div class=\"elementor-element elementor-element-10d42d7 elementor-widget__width-inherit elementor-widget elementor-widget-heading\" data-id=\"10d42d7\" data-element_type=\"widget\" data-e-type=\"widget\" data-widget_type=\"heading.default\">\n\t\t\t\t<div class=\"elementor-widget-container\">\n\t\t\t\t\t<h1 class=\"elementor-heading-title elementor-size-default\">Call for sessions<\/h1>\t\t\t\t<\/div>\n\t\t\t\t<\/div>\n\t\t\t\t<\/div>\n\t\t\t\t\t<\/div>\n\t\t\t\t<\/div>\n\t\t<div class=\"elementor-element elementor-element-97fe010 e-flex e-con-boxed e-con e-parent\" data-id=\"97fe010\" data-element_type=\"container\" data-e-type=\"container\">\n\t\t\t\t\t<div class=\"e-con-inner\">\n\t\t<div class=\"elementor-element elementor-element-0643d5e e-con-full e-flex e-con e-child\" data-id=\"0643d5e\" data-element_type=\"container\" data-e-type=\"container\" data-settings=\"{&quot;background_background&quot;:&quot;classic&quot;}\">\n\t\t<div class=\"elementor-element elementor-element-1365e2e e-con-full e-flex e-con e-child\" data-id=\"1365e2e\" data-element_type=\"container\" data-e-type=\"container\">\n\t\t\t\t<div class=\"elementor-element elementor-element-701a8b7 elementor-widget elementor-widget-heading\" data-id=\"701a8b7\" data-element_type=\"widget\" data-e-type=\"widget\" data-widget_type=\"heading.default\">\n\t\t\t\t<div class=\"elementor-widget-container\">\n\t\t\t\t\t<h3 class=\"elementor-heading-title elementor-size-default\">O per\u00edodo para apresenta\u00e7\u00e3o de propostas de sess\u00f5es terminou.<\/h3>\t\t\t\t<\/div>\n\t\t\t\t<\/div>\n\t\t\t\t<\/div>\n\t\t\t\t<\/div>\n\t\t\t\t\t<\/div>\n\t\t\t\t<\/div>\n\t\t\t\t<\/div>\n\t\t","protected":false},"excerpt":{"rendered":"<p>Call for sessions O per\u00edodo para apresenta\u00e7\u00e3o de propostas de sess\u00f5es terminou.<\/p>\n","protected":false},"author":9,"featured_media":0,"parent":0,"menu_order":0,"comment_status":"closed","ping_status":"closed","template":"elementor_header_footer","meta":{"inline_featured_image":false,"footnotes":""},"class_list":["post-1675","page","type-page","status-publish","hentry"],"_links":{"self":[{"href":"https:\/\/congreso2026.seha.info\/pt-pt\/wp-json\/wp\/v2\/pages\/1675","targetHints":{"allow":["GET"]}}],"collection":[{"href":"https:\/\/congreso2026.seha.info\/pt-pt\/wp-json\/wp\/v2\/pages"}],"about":[{"href":"https:\/\/congreso2026.seha.info\/pt-pt\/wp-json\/wp\/v2\/types\/page"}],"author":[{"embeddable":true,"href":"https:\/\/congreso2026.seha.info\/pt-pt\/wp-json\/wp\/v2\/users\/9"}],"replies":[{"embeddable":true,"href":"https:\/\/congreso2026.seha.info\/pt-pt\/wp-json\/wp\/v2\/comments?post=1675"}],"version-history":[{"count":3,"href":"https:\/\/congreso2026.seha.info\/pt-pt\/wp-json\/wp\/v2\/pages\/1675\/revisions"}],"predecessor-version":[{"id":1822,"href":"https:\/\/congreso2026.seha.info\/pt-pt\/wp-json\/wp\/v2\/pages\/1675\/revisions\/1822"}],"wp:attachment":[{"href":"https:\/\/congreso2026.seha.info\/pt-pt\/wp-json\/wp\/v2\/media?parent=1675"}],"curies":[{"name":"wp","href":"https:\/\/api.w.org\/{rel}","templated":true}]}}